{"id":3219,"date":"2023-09-30T16:35:47","date_gmt":"2023-09-30T16:35:47","guid":{"rendered":"https:\/\/vcisoft.com.br\/?page_id=3219"},"modified":"2023-10-14T18:27:34","modified_gmt":"2023-10-14T18:27:34","slug":"captura","status":"publish","type":"page","link":"https:\/\/vcisoft.com.br\/index.php\/captura\/","title":{"rendered":"captura"},"content":{"rendered":"\t\t<div data-elementor-type=\"wp-page\" data-elementor-id=\"3219\" class=\"elementor elementor-3219\">\n\t\t\t\t\t\t<section class=\"elementor-section elementor-top-section elementor-element elementor-element-1bcda19 elementor-section-boxed elementor-section-height-default elementor-section-height-default\" data-id=\"1bcda19\" data-element_type=\"section\" data-e-type=\"section\" data-settings=\"{&quot;background_background&quot;:&quot;classic&quot;}\">\n\t\t\t\t\t\t<div class=\"elementor-container elementor-column-gap-default\">\n\t\t\t\t\t<div class=\"elementor-column elementor-col-50 elementor-top-column elementor-element elementor-element-3c1601f\" data-id=\"3c1601f\" data-element_type=\"column\" data-e-type=\"column\">\n\t\t\t<div class=\"elementor-widget-wrap elementor-element-populated\">\n\t\t\t\t\t\t<div class=\"elementor-element elementor-element-b4db83a elementor-widget elementor-widget-heading\" data-id=\"b4db83a\" data-element_type=\"widget\" data-e-type=\"widget\" data-widget_type=\"heading.default\">\n\t\t\t\t<div class=\"elementor-widget-container\">\n\t\t\t\t\t<h2 class=\"elementor-heading-title elementor-size-default\">Contabilidade sem\n\ndor de cabe\u00e7a,\n\n\ufeffconhe\u00e7a a VCISOFT! <\/h2>\t\t\t\t<\/div>\n\t\t\t\t<\/div>\n\t\t\t\t<div class=\"elementor-element elementor-element-06847ce elementor-widget elementor-widget-text-editor\" data-id=\"06847ce\" data-element_type=\"widget\" data-e-type=\"widget\" data-widget_type=\"text-editor.default\">\n\t\t\t\t<div class=\"elementor-widget-container\">\n\t\t\t\t\t\t\t\t\t<p>\u00a0Simplifique e otimize seus processos financeiros. Entre em contato agora mesmo!\u00a0<\/p>\t\t\t\t\t\t\t\t<\/div>\n\t\t\t\t<\/div>\n\t\t\t\t<div class=\"elementor-element elementor-element-d75aba6 elementor-widget elementor-widget-elementskit-contact-form7\" data-id=\"d75aba6\" data-element_type=\"widget\" data-e-type=\"widget\" id=\"cadrasto\" data-widget_type=\"elementskit-contact-form7.default\">\n\t\t\t\t<div class=\"elementor-widget-container\">\n\t\t\t\t\t<div class=\"ekit-wid-con\" ><div class=\"ekit-form\">\n<div class=\"wpcf7 no-js\" id=\"wpcf7-f3614-o1\" lang=\"pt-BR\" dir=\"ltr\" data-wpcf7-id=\"3614\">\n<div class=\"screen-reader-response\"><p role=\"status\" aria-live=\"polite\" aria-atomic=\"true\"><\/p> <ul><\/ul><\/div>\n<form action=\"\/index.php\/wp-json\/wp\/v2\/pages\/3219#wpcf7-f3614-o1\" method=\"post\" class=\"wpcf7-form init\" aria-label=\"Formul\u00e1rios de contato\" novalidate=\"novalidate\" data-status=\"init\">\n<div style=\"display: none;\">\n<input type=\"hidden\" name=\"_wpcf7\" value=\"3614\" \/>\n<input type=\"hidden\" name=\"_wpcf7_version\" value=\"6.0.6\" \/>\n<input type=\"hidden\" name=\"_wpcf7_locale\" value=\"pt_BR\" \/>\n<input type=\"hidden\" name=\"_wpcf7_unit_tag\" value=\"wpcf7-f3614-o1\" \/>\n<input type=\"hidden\" name=\"_wpcf7_container_post\" value=\"0\" \/>\n<input type=\"hidden\" name=\"_wpcf7_posted_data_hash\" value=\"\" \/>\n<\/div>\n<p><label>Nome:<span class=\"wpcf7-form-control-wrap\" data-name=\"Nome\"><input size=\"40\" maxlength=\"400\" class=\"wpcf7-form-control wpcf7-text\" aria-invalid=\"false\" placeholder=\"Nome\" value=\"\" type=\"text\" name=\"Nome\" \/><\/span><\/label><br \/>\n<label>E-mail:<span class=\"wpcf7-form-control-wrap\" data-name=\"email\"><input size=\"40\" maxlength=\"400\" class=\"wpcf7-form-control wpcf7-email wpcf7-text wpcf7-validates-as-email\" aria-invalid=\"false\" placeholder=\"Seu e-mail\" value=\"\" type=\"email\" name=\"email\" \/><\/span><\/label><br \/>\n<label>Telefone:<span class=\"wpcf7-form-control-wrap\" data-name=\"tel\"><input size=\"40\" maxlength=\"400\" class=\"wpcf7-form-control wpcf7-tel wpcf7-text wpcf7-validates-as-tel\" aria-invalid=\"false\" placeholder=\"(99)90000-0000\" value=\"\" type=\"tel\" name=\"tel\" \/><\/span><\/label>\n<\/p>\n<p><input class=\"wpcf7-form-control wpcf7-submit has-spinner\" type=\"submit\" value=\"Enviar\" \/>\n<\/p><div class=\"wpcf7-response-output\" aria-hidden=\"true\"><\/div>\n<\/form>\n<\/div>\n<\/div><\/div>\t\t\t\t<\/div>\n\t\t\t\t<\/div>\n\t\t\t\t\t<\/div>\n\t\t<\/div>\n\t\t\t\t<div class=\"elementor-column elementor-col-50 elementor-top-column elementor-element elementor-element-62cd86d\" data-id=\"62cd86d\" data-element_type=\"column\" data-e-type=\"column\">\n\t\t\t<div class=\"elementor-widget-wrap elementor-element-populated\">\n\t\t\t\t\t\t<div class=\"elementor-element elementor-element-ac281fb elementor-hidden-tablet_extra elementor-hidden-tablet elementor-hidden-mobile_extra elementor-hidden-mobile elementor-widget elementor-widget-image\" data-id=\"ac281fb\" data-element_type=\"widget\" data-e-type=\"widget\" data-widget_type=\"image.default\">\n\t\t\t\t<div class=\"elementor-widget-container\">\n\t\t\t\t\t\t\t\t\t\t\t\t\t\t\t<img fetchpriority=\"high\" decoding=\"async\" width=\"648\" height=\"659\" src=\"https:\/\/vcisoft.com.br\/wp-content\/uploads\/2023\/09\/Design-sem-nome-39.png\" class=\"attachment-large size-large wp-image-3681\" alt=\"\" srcset=\"https:\/\/vcisoft.com.br\/wp-content\/uploads\/2023\/09\/Design-sem-nome-39.png 648w, https:\/\/vcisoft.com.br\/wp-content\/uploads\/2023\/09\/Design-sem-nome-39-295x300.png 295w\" sizes=\"(max-width: 648px) 100vw, 648px\" \/>\t\t\t\t\t\t\t\t\t\t\t\t\t\t\t<\/div>\n\t\t\t\t<\/div>\n\t\t\t\t\t<\/div>\n\t\t<\/div>\n\t\t\t\t\t<\/div>\n\t\t<\/section>\n\t\t\t\t<section class=\"elementor-section elementor-top-section elementor-element elementor-element-c561e7d elementor-section-boxed elementor-section-height-default elementor-section-height-default\" data-id=\"c561e7d\" data-element_type=\"section\" data-e-type=\"section\" data-settings=\"{&quot;background_background&quot;:&quot;classic&quot;}\">\n\t\t\t\t\t\t<div class=\"elementor-container elementor-column-gap-default\">\n\t\t\t\t\t<div class=\"elementor-column elementor-col-50 elementor-top-column elementor-element elementor-element-167ffcd\" data-id=\"167ffcd\" data-element_type=\"column\" data-e-type=\"column\">\n\t\t\t<div class=\"elementor-widget-wrap elementor-element-populated\">\n\t\t\t\t\t\t<div class=\"elementor-element elementor-element-f725699 elementor-widget elementor-widget-image\" data-id=\"f725699\" data-element_type=\"widget\" data-e-type=\"widget\" data-widget_type=\"image.default\">\n\t\t\t\t<div class=\"elementor-widget-container\">\n\t\t\t\t\t\t\t\t\t\t\t\t\t\t\t<img decoding=\"async\" width=\"487\" height=\"508\" src=\"https:\/\/vcisoft.com.br\/wp-content\/uploads\/2023\/10\/b2vg1q7kc3u.png\" class=\"attachment-large size-large wp-image-4157\" alt=\"\" srcset=\"https:\/\/vcisoft.com.br\/wp-content\/uploads\/2023\/10\/b2vg1q7kc3u.png 487w, https:\/\/vcisoft.com.br\/wp-content\/uploads\/2023\/10\/b2vg1q7kc3u-288x300.png 288w\" sizes=\"(max-width: 487px) 100vw, 487px\" \/>\t\t\t\t\t\t\t\t\t\t\t\t\t\t\t<\/div>\n\t\t\t\t<\/div>\n\t\t\t\t\t<\/div>\n\t\t<\/div>\n\t\t\t\t<div class=\"elementor-column elementor-col-50 elementor-top-column elementor-element elementor-element-be040b1\" data-id=\"be040b1\" data-element_type=\"column\" data-e-type=\"column\" data-settings=\"{&quot;background_background&quot;:&quot;classic&quot;}\">\n\t\t\t<div class=\"elementor-widget-wrap elementor-element-populated\">\n\t\t\t\t\t\t<div class=\"elementor-element elementor-element-6a25a1e elementor-widget__width-initial elementor-widget elementor-widget-heading\" data-id=\"6a25a1e\" data-element_type=\"widget\" data-e-type=\"widget\" data-widget_type=\"heading.default\">\n\t\t\t\t<div class=\"elementor-widget-container\">\n\t\t\t\t\t<h2 class=\"elementor-heading-title elementor-size-default\">Simplificamos suas tarefas<\/h2>\t\t\t\t<\/div>\n\t\t\t\t<\/div>\n\t\t\t\t<div class=\"elementor-element elementor-element-d43f71a elementor-widget__width-initial elementor-widget elementor-widget-text-editor\" data-id=\"d43f71a\" data-element_type=\"widget\" data-e-type=\"widget\" data-widget_type=\"text-editor.default\">\n\t\t\t\t<div class=\"elementor-widget-container\">\n\t\t\t\t\t\t\t\t\t<p>Livre-se das preocupa\u00e7\u00f5es com contabilidade e ganhe mais tempo para focar no que realmente importa, o crescimento do seu neg\u00f3cio.<\/p>\t\t\t\t\t\t\t\t<\/div>\n\t\t\t\t<\/div>\n\t\t\t\t<div class=\"elementor-element elementor-element-150569f premium-modal-dismissible-yes elementor-widget elementor-widget-premium-addon-modal-box\" data-id=\"150569f\" data-element_type=\"widget\" data-e-type=\"widget\" data-settings=\"{&quot;premium_modal_box_animation&quot;:&quot;fadeInDown&quot;}\" data-widget_type=\"premium-addon-modal-box.default\">\n\t\t\t\t<div class=\"elementor-widget-container\">\n\t\t\t\t\t\r\n\t\t<div class=\"premium-modal-box-container\" data-settings=\"{&quot;trigger&quot;:&quot;button&quot;}\">\r\n\t\t\t<div class=\"premium-modal-trigger-container\">\r\n\t\t\t\t\t\t\t\t\t<button data-toggle=\"premium-modal\" data-target=\"#premium-modal-150569f\" type=\"button\" class=\"premium-modal-trigger-btn premium-btn-md premium-button-none \" data-text=\"Entre em Contato Agora\">\r\n\r\n\t\t\t\t\t\t\r\n\t\t\t\t\t\t<div class=\"premium-button-text-icon-wrapper\">\r\n\t\t\t\t\t\t\t<span>Entre em Contato Agora<\/span>\r\n\t\t\t\t\t\t<\/div>\r\n\r\n\t\t\t\t\t\t\r\n\t\t\t\t\t\t\r\n\t\t\t\t\t\t\r\n\t\t\t\t\t<\/button>\r\n\t\t\t\t\t\t\t<\/div>\r\n\r\n\t\t\t<div id=\"premium-modal-150569f\" class=\"premium-modal-box-modal\"\r\n\t\t\trole=\"dialog\"\r\n\t\t\tstyle=\"display: none\"\r\n\t\t\t>\r\n\t\t\t\t<div class=\"premium-modal-box-modal-dialog\" data-delay-animation=\"\" data-modal-animation=\"fadeInDown animated-fast\">\r\n\t\t\t\t\t\t\t\t\t\t\t<div class=\"premium-modal-box-modal-header\">\r\n\t\t\t\t\t\t\t\t\t\t\t\t\t\t\t<h3 class=\"premium-modal-box-modal-title\">\r\n\t\t\t\t\t\t\t\t\tPreenche o Formul\u00e1rio\t\t\t\t\t\t\t\t<\/h3>\r\n\t\t\t\t\t\t\t\t\t\t\t\t\t\t\t\t\t\t\t\t\t\t<div class=\"premium-modal-box-close-button-container\">\r\n\t\t\t\t\t\t\t\t\t<button type=\"button\" class=\"premium-modal-box-modal-close\" data-dismiss=\"premium-modal\">&times;<\/button>\r\n\t\t\t\t\t\t\t\t<\/div>\r\n\t\t\t\t\t\t\t\t\t\t\t\t\t<\/div>\r\n\t\t\t\t\t\t\t\t\t\t<div class=\"premium-modal-box-modal-body\">\r\n\t\t\t\t\t\t<style>.elementor-4363 .elementor-element.elementor-element-6189dee7{padding:50px 50px 50px 50px;}.elementor-4363 .elementor-element.elementor-element-4a8e15b6 .ekit-form form label{color:#000000;}.elementor-4363 .elementor-element.elementor-element-4a8e15b6 .ekit-form form label span{color:#777777;}.elementor-4363 .elementor-element.elementor-element-4a8e15b6 .ekit-form form input:not([type=\"submit\"]):not([type=\"checkbox\"]):not([type=\"radio\"]), .elementor-4363 .elementor-element.elementor-element-4a8e15b6 .ekit-form form select{width:100%;height:50px;border-radius:21px 21px 21px 21px;color:#000000;}.elementor-4363 .elementor-element.elementor-element-4a8e15b6 .ekit-form form textarea{width:100%;height:176px;margin-bottom:20px;border-radius:21px 21px 21px 21px;}.elementor-4363 .elementor-element.elementor-element-4a8e15b6 .ekit-form form .ekit-form-input, .elementor-4363 .elementor-element.elementor-element-4a8e15b6 .ekit-form form select, .elementor-4363 .elementor-element.elementor-element-4a8e15b6 .ekit-form form input{margin-bottom:20px;}.elementor-4363 .elementor-element.elementor-element-4a8e15b6 .ekit-form form input:not([type=\"submit\"]):not([type=\"checkbox\"]):not([type=\"radio\"]) ,.elementor-4363 .elementor-element.elementor-element-4a8e15b6 .ekit-form form textarea, .elementor-4363 .elementor-element.elementor-element-4a8e15b6 .ekit-form form select{background-color:#E9E9E9;}.elementor-4363 .elementor-element.elementor-element-4a8e15b6 .wpcf7-form textarea{color:#000000;}.elementor-4363 .elementor-element.elementor-element-4a8e15b6 .ekit-wid-con .ekit-form form textarea{color:#000000;}.elementor-4363 .elementor-element.elementor-element-4a8e15b6 .ekit-form form input:not([type=\"submit\"]):not([type=\"checkbox\"]):not([type=\"radio\"])::-webkit-input-placeholder{font-size:14px;color:#000000;}.elementor-4363 .elementor-element.elementor-element-4a8e15b6 .ekit-form form input:not([type=\"submit\"]):not([type=\"checkbox\"]):not([type=\"radio\"])::-moz-placeholder{font-size:14px;color:#000000;}.elementor-4363 .elementor-element.elementor-element-4a8e15b6 .ekit-form form input:not([type=\"submit\"]):not([type=\"checkbox\"]):not([type=\"radio\"]):-ms-input-placeholder{font-size:14px;color:#000000;}.elementor-4363 .elementor-element.elementor-element-4a8e15b6 .ekit-form form input:not([type=\"submit\"]):not([type=\"checkbox\"]):not([type=\"radio\"]):-moz-placeholder{font-size:14px;color:#000000;}.elementor-4363 .elementor-element.elementor-element-4a8e15b6 .ekit-form form textarea::-webkit-input-placeholder{font-size:14px;color:#000000;}.elementor-4363 .elementor-element.elementor-element-4a8e15b6 .ekit-form form textarea::-moz-placeholder{font-size:14px;color:#000000;}.elementor-4363 .elementor-element.elementor-element-4a8e15b6 .ekit-form form textarea:-ms-input-placeholder{font-size:14px;color:#000000;}.elementor-4363 .elementor-element.elementor-element-4a8e15b6 .ekit-form form textarea:-moz-placeholder{font-size:14px;color:#000000;}.elementor-4363 .elementor-element.elementor-element-4a8e15b6 .ekit-form form > p{text-align:center;}.elementor-4363 .elementor-element.elementor-element-4a8e15b6 .ekit-form form input[type=\"submit\"]{border-radius:27px 27px 27px 27px;color:#ffffff;background-color:#2FC400;}.elementor-4363 .elementor-element.elementor-element-4a8e15b6 .ekit-form form input[type=\"submit\"]:hover{color:#ffffff;}<\/style>\t\t<div data-elementor-type=\"section\" data-elementor-id=\"4363\" class=\"elementor elementor-4363\">\n\t\t\t\t\t\t<section class=\"elementor-section elementor-top-section elementor-element elementor-element-6189dee7 elementor-section-boxed elementor-section-height-default elementor-section-height-default\" data-id=\"6189dee7\" data-element_type=\"section\" data-e-type=\"section\">\n\t\t\t\t\t\t<div class=\"elementor-container elementor-column-gap-default\">\n\t\t\t\t\t<div class=\"elementor-column elementor-col-100 elementor-top-column elementor-element elementor-element-18384552\" data-id=\"18384552\" data-element_type=\"column\" data-e-type=\"column\">\n\t\t\t<div class=\"elementor-widget-wrap elementor-element-populated\">\n\t\t\t\t\t\t<div class=\"elementor-element elementor-element-4a8e15b6 elementor-widget elementor-widget-elementskit-contact-form7\" data-id=\"4a8e15b6\" data-element_type=\"widget\" data-e-type=\"widget\" data-widget_type=\"elementskit-contact-form7.default\">\n\t\t\t\t<div class=\"elementor-widget-container\">\n\t\t\t\t\t<div class=\"ekit-wid-con\" ><div class=\"ekit-form\">\n<div class=\"wpcf7 no-js\" id=\"wpcf7-f3614-p4909-o1\" lang=\"pt-BR\" dir=\"ltr\" data-wpcf7-id=\"3614\">\n<div class=\"screen-reader-response\"><p role=\"status\" aria-live=\"polite\" aria-atomic=\"true\"><\/p> <ul><\/ul><\/div>\n<form action=\"\/#wpcf7-f3614-p4909-o1\" method=\"post\" class=\"wpcf7-form init\" aria-label=\"Formul\u00e1rios de contato\" novalidate=\"novalidate\" data-status=\"init\">\n<div style=\"display: none;\">\n<input type=\"hidden\" name=\"_wpcf7\" value=\"3614\" \/>\n<input type=\"hidden\" name=\"_wpcf7_version\" value=\"6.0.6\" \/>\n<input type=\"hidden\" name=\"_wpcf7_locale\" value=\"pt_BR\" \/>\n<input type=\"hidden\" name=\"_wpcf7_unit_tag\" value=\"wpcf7-f3614-p4909-o1\" \/>\n<input type=\"hidden\" name=\"_wpcf7_container_post\" value=\"4909\" \/>\n<input type=\"hidden\" name=\"_wpcf7_posted_data_hash\" value=\"\" \/>\n<\/div>\n<p><label>Nome:<span class=\"wpcf7-form-control-wrap\" data-name=\"Nome\"><input size=\"40\" maxlength=\"400\" class=\"wpcf7-form-control wpcf7-text\" aria-invalid=\"false\" placeholder=\"Nome\" value=\"\" type=\"text\" name=\"Nome\" \/><\/span><\/label><br \/>\n<label>E-mail:<span class=\"wpcf7-form-control-wrap\" data-name=\"email\"><input size=\"40\" maxlength=\"400\" class=\"wpcf7-form-control wpcf7-email wpcf7-text wpcf7-validates-as-email\" aria-invalid=\"false\" placeholder=\"Seu e-mail\" value=\"\" type=\"email\" name=\"email\" \/><\/span><\/label><br \/>\n<label>Telefone:<span class=\"wpcf7-form-control-wrap\" data-name=\"tel\"><input size=\"40\" maxlength=\"400\" class=\"wpcf7-form-control wpcf7-tel wpcf7-text wpcf7-validates-as-tel\" aria-invalid=\"false\" placeholder=\"(99)90000-0000\" value=\"\" type=\"tel\" name=\"tel\" \/><\/span><\/label>\n<\/p>\n<p><input class=\"wpcf7-form-control wpcf7-submit has-spinner\" type=\"submit\" value=\"Enviar\" \/>\n<\/p><div class=\"wpcf7-response-output\" aria-hidden=\"true\"><\/div>\n<\/form>\n<\/div>\n<\/div><\/div>\t\t\t\t<\/div>\n\t\t\t\t<\/div>\n\t\t\t\t\t<\/div>\n\t\t<\/div>\n\t\t\t\t\t<\/div>\n\t\t<\/section>\n\t\t\t\t<\/div>\n\t\t\t\t\t\t\t<\/div>\r\n\t\t\t\t\t\t\t\t\t\t\t<div class=\"premium-modal-box-modal-footer\">\r\n\t\t\t\t\t\t\t<button type=\"button\" class=\"premium-modal-box-modal-lower-close\" data-dismiss=\"premium-modal\">\r\n\t\t\t\t\t\t\t\tFechar\t\t\t\t\t\t\t<\/button>\r\n\t\t\t\t\t\t<\/div>\r\n\t\t\t\t\t\t\t\t\t<\/div>\r\n\t\t\t<\/div>\r\n\t\t<\/div>\r\n\r\n\t\t\t\t\t\t<\/div>\n\t\t\t\t<\/div>\n\t\t\t\t<div class=\"elementor-element elementor-element-ae7ff1c elementor-align-left cadrasto elementor-widget elementor-widget-button\" data-id=\"ae7ff1c\" data-element_type=\"widget\" data-e-type=\"widget\" data-widget_type=\"button.default\">\n\t\t\t\t<div class=\"elementor-widget-container\">\n\t\t\t\t\t\t\t\t\t<div class=\"elementor-button-wrapper\">\n\t\t\t\t\t<a class=\"elementor-button elementor-button-link elementor-size-sm\" href=\"#\">\n\t\t\t\t\t\t<span class=\"elementor-button-content-wrapper\">\n\t\t\t\t\t\t\t\t\t<span class=\"elementor-button-text\">Clique aqui<\/span>\n\t\t\t\t\t<\/span>\n\t\t\t\t\t<\/a>\n\t\t\t\t<\/div>\n\t\t\t\t\t\t\t\t<\/div>\n\t\t\t\t<\/div>\n\t\t\t\t\t<\/div>\n\t\t<\/div>\n\t\t\t\t\t<\/div>\n\t\t<\/section>\n\t\t\t\t<section class=\"elementor-section elementor-top-section elementor-element elementor-element-eaf73fc elementor-reverse-tablet_extra elementor-reverse-tablet elementor-reverse-mobile_extra elementor-reverse-mobile elementor-section-boxed elementor-section-height-default elementor-section-height-default\" data-id=\"eaf73fc\" data-element_type=\"section\" data-e-type=\"section\">\n\t\t\t\t\t\t<div class=\"elementor-container elementor-column-gap-default\">\n\t\t\t\t\t<div class=\"elementor-column elementor-col-50 elementor-top-column elementor-element elementor-element-acd935c\" data-id=\"acd935c\" data-element_type=\"column\" data-e-type=\"column\">\n\t\t\t<div class=\"elementor-widget-wrap elementor-element-populated\">\n\t\t\t\t\t\t<div class=\"elementor-element elementor-element-b4f76f3 elementor-widget__width-initial elementor-widget elementor-widget-heading\" data-id=\"b4f76f3\" data-element_type=\"widget\" data-e-type=\"widget\" data-widget_type=\"heading.default\">\n\t\t\t\t<div class=\"elementor-widget-container\">\n\t\t\t\t\t<h2 class=\"elementor-heading-title elementor-size-default\">A gest\u00e3o do seu neg\u00f3cio Simples e Segura<\/h2>\t\t\t\t<\/div>\n\t\t\t\t<\/div>\n\t\t\t\t<div class=\"elementor-element elementor-element-2368867 elementor-widget__width-initial elementor-widget elementor-widget-text-editor\" data-id=\"2368867\" data-element_type=\"widget\" data-e-type=\"widget\" data-widget_type=\"text-editor.default\">\n\t\t\t\t<div class=\"elementor-widget-container\">\n\t\t\t\t\t\t\t\t\t<p>Garantimos o fechamento cont\u00e1bil de forma trimestral, al\u00e9m de te ajudar dando visibilidade de seus impostos.<\/p>\t\t\t\t\t\t\t\t<\/div>\n\t\t\t\t<\/div>\n\t\t\t\t<div class=\"elementor-element elementor-element-496ea9b elementor-align-left cadrasto elementor-widget elementor-widget-button\" data-id=\"496ea9b\" data-element_type=\"widget\" data-e-type=\"widget\" data-widget_type=\"button.default\">\n\t\t\t\t<div class=\"elementor-widget-container\">\n\t\t\t\t\t\t\t\t\t<div class=\"elementor-button-wrapper\">\n\t\t\t\t\t<a class=\"elementor-button elementor-button-link elementor-size-sm\" href=\"#\">\n\t\t\t\t\t\t<span class=\"elementor-button-content-wrapper\">\n\t\t\t\t\t\t\t\t\t<span class=\"elementor-button-text\">Clique aqui<\/span>\n\t\t\t\t\t<\/span>\n\t\t\t\t\t<\/a>\n\t\t\t\t<\/div>\n\t\t\t\t\t\t\t\t<\/div>\n\t\t\t\t<\/div>\n\t\t\t\t\t<\/div>\n\t\t<\/div>\n\t\t\t\t<div class=\"elementor-column elementor-col-50 elementor-top-column elementor-element elementor-element-ad56e10\" data-id=\"ad56e10\" data-element_type=\"column\" data-e-type=\"column\">\n\t\t\t<div class=\"elementor-widget-wrap elementor-element-populated\">\n\t\t\t\t\t\t<div class=\"elementor-element elementor-element-825be78 elementor-widget elementor-widget-image\" data-id=\"825be78\" data-element_type=\"widget\" data-e-type=\"widget\" data-widget_type=\"image.default\">\n\t\t\t\t<div class=\"elementor-widget-container\">\n\t\t\t\t\t\t\t\t\t\t\t\t\t\t\t<img decoding=\"async\" width=\"487\" height=\"508\" src=\"https:\/\/vcisoft.com.br\/wp-content\/uploads\/2023\/10\/b2vg1q7kc3u.png\" class=\"attachment-large size-large wp-image-4157\" alt=\"\" srcset=\"https:\/\/vcisoft.com.br\/wp-content\/uploads\/2023\/10\/b2vg1q7kc3u.png 487w, https:\/\/vcisoft.com.br\/wp-content\/uploads\/2023\/10\/b2vg1q7kc3u-288x300.png 288w\" sizes=\"(max-width: 487px) 100vw, 487px\" \/>\t\t\t\t\t\t\t\t\t\t\t\t\t\t\t<\/div>\n\t\t\t\t<\/div>\n\t\t\t\t\t<\/div>\n\t\t<\/div>\n\t\t\t\t\t<\/div>\n\t\t<\/section>\n\t\t\t\t<\/div>\n\t\t","protected":false},"excerpt":{"rendered":"<p>Contabilidade sem dor de cabe\u00e7a, \ufeffconhe\u00e7a a VCISOFT! \u00a0Simplifique e otimize seus processos financeiros. Entre em contato agora mesmo!\u00a0 Simplificamos suas tarefas Livre-se das preocupa\u00e7\u00f5es com contabilidade e ganhe mais tempo para focar no que realmente importa, o crescimento do seu neg\u00f3cio. Entre em Contato Agora Preenche o Formul\u00e1rio &times; Fechar Clique aqui A gest\u00e3o do seu neg\u00f3cio Simples e Segura Garantimos o fechamento cont\u00e1bil de forma trimestral, al\u00e9m de te ajudar dando visibilidade de seus impostos. Clique aqui<\/p>\n","protected":false},"author":1,"featured_media":0,"parent":0,"menu_order":0,"comment_status":"closed","ping_status":"closed","template":"elementor_canvas","meta":{"_joinchat":[],"footnotes":""},"class_list":["post-3219","page","type-page","status-publish","hentry"],"_links":{"self":[{"href":"https:\/\/vcisoft.com.br\/index.php\/wp-json\/wp\/v2\/pages\/3219","targetHints":{"allow":["GET"]}}],"collection":[{"href":"https:\/\/vcisoft.com.br\/index.php\/wp-json\/wp\/v2\/pages"}],"about":[{"href":"https:\/\/vcisoft.com.br\/index.php\/wp-json\/wp\/v2\/types\/page"}],"author":[{"embeddable":true,"href":"https:\/\/vcisoft.com.br\/index.php\/wp-json\/wp\/v2\/users\/1"}],"replies":[{"embeddable":true,"href":"https:\/\/vcisoft.com.br\/index.php\/wp-json\/wp\/v2\/comments?post=3219"}],"version-history":[{"count":73,"href":"https:\/\/vcisoft.com.br\/index.php\/wp-json\/wp\/v2\/pages\/3219\/revisions"}],"predecessor-version":[{"id":4396,"href":"https:\/\/vcisoft.com.br\/index.php\/wp-json\/wp\/v2\/pages\/3219\/revisions\/4396"}],"wp:attachment":[{"href":"https:\/\/vcisoft.com.br\/index.php\/wp-json\/wp\/v2\/media?parent=3219"}],"curies":[{"name":"wp","href":"https:\/\/api.w.org\/{rel}","templated":true}]}}